{"id":410,"date":"2026-03-07T14:21:34","date_gmt":"2026-03-07T13:21:34","guid":{"rendered":"https:\/\/fixorahome.net\/?page_id=410"},"modified":"2026-03-07T14:21:34","modified_gmt":"2026-03-07T13:21:34","slug":"divulgation-daffiliation","status":"publish","type":"page","link":"https:\/\/fixorahome.net\/?page_id=410","title":{"rendered":"Divulgation d\u2019affiliation"},"content":{"rendered":"\n<p>Certains liens pr\u00e9sents sur ce site sont des liens d\u2019affiliation. Cela signifie que si vous cliquez sur un lien et effectuez un achat, nous pouvons recevoir une commission.<\/p>\n\n\n\n<p>En tant que Partenaire Amazon, nous r\u00e9alisons un b\u00e9n\u00e9fice sur les achats remplissant les conditions requises.<\/p>\n\n\n\n<p>Ces commissions nous permettent de maintenir ce site et de continuer \u00e0 publier des guides, comparatifs et recommandations utiles pour vous aider \u00e0 choisir les bons outils pour votre maison.<\/p>\n\n\n\n<p>Important : cela n&#8217;entra\u00eene <strong>aucun co\u00fbt suppl\u00e9mentaire pour vous<\/strong>. Le prix que vous payez reste exactement le m\u00eame.<\/p>\n\n\n\n<p>Nous nous effor\u00e7ons de recommander uniquement des produits que nous jugeons fiables, utiles et offrant un bon rapport qualit\u00e9-prix.<\/p>\n\n\n\n<p><em>Divulgation : En tant que Partenaire Amazon, nous r\u00e9alisons un b\u00e9n\u00e9fice sur les achats remplissant les conditions requises, sans frais suppl\u00e9mentaires pour vous.<\/em><\/p>\n","protected":false},"excerpt":{"rendered":"<p>Certains liens pr\u00e9sents sur ce site sont des liens d\u2019affiliation. Cela signifie que si vous cliquez sur un lien et effectuez un achat, nous pouvons recevoir une commission. En tant que Partenaire Amazon, nous r\u00e9alisons un b\u00e9n\u00e9fice sur les achats remplissant les conditions requises. Ces commissions nous permettent de maintenir ce site et de continuer [&hellip;]<\/p>\n","protected":false},"author":1,"featured_media":0,"parent":0,"menu_order":0,"comment_status":"closed","ping_status":"closed","template":"","meta":{"footnotes":""},"class_list":["post-410","page","type-page","status-publish","hentry"],"yoast_head":"<!-- This site is optimized with the Yoast SEO plugin v27.2 - https:\/\/yoast.com\/product\/yoast-seo-wordpress\/ -->\n<title>Divulgation d\u2019affiliation - FixoraHome<\/title>\n<meta name=\"robots\" content=\"index, follow, max-snippet:-1, max-image-preview:large, max-video-preview:-1\" \/>\n<link rel=\"canonical\" href=\"https:\/\/fixorahome.net\/?page_id=410\" \/>\n<meta property=\"og:locale\" content=\"en_US\" \/>\n<meta property=\"og:type\" content=\"article\" \/>\n<meta property=\"og:title\" content=\"Divulgation d\u2019affiliation - FixoraHome\" \/>\n<meta property=\"og:description\" content=\"Certains liens pr\u00e9sents sur ce site sont des liens d\u2019affiliation. Cela signifie que si vous cliquez sur un lien et effectuez un achat, nous pouvons recevoir une commission. En tant que Partenaire Amazon, nous r\u00e9alisons un b\u00e9n\u00e9fice sur les achats remplissant les conditions requises. Ces commissions nous permettent de maintenir ce site et de continuer [&hellip;]\" \/>\n<meta property=\"og:url\" content=\"https:\/\/fixorahome.net\/?page_id=410\" \/>\n<meta property=\"og:site_name\" content=\"FixoraHome\" \/>\n<meta name=\"twitter:card\" content=\"summary_large_image\" \/>\n<meta name=\"twitter:label1\" content=\"Est. reading time\" \/>\n\t<meta name=\"twitter:data1\" content=\"1 minute\" \/>\n<script type=\"application\/ld+json\" class=\"yoast-schema-graph\">{\"@context\":\"https:\/\/schema.org\",\"@graph\":[{\"@type\":\"WebPage\",\"@id\":\"https:\/\/fixorahome.net\/?page_id=410\",\"url\":\"https:\/\/fixorahome.net\/?page_id=410\",\"name\":\"Divulgation d\u2019affiliation - FixoraHome\",\"isPartOf\":{\"@id\":\"https:\/\/fixorahome-12d3350.ingress-florina.ewp.live\/#website\"},\"datePublished\":\"2026-03-07T13:21:34+00:00\",\"breadcrumb\":{\"@id\":\"https:\/\/fixorahome.net\/?page_id=410#breadcrumb\"},\"inLanguage\":\"en-US\",\"potentialAction\":[{\"@type\":\"ReadAction\",\"target\":[\"https:\/\/fixorahome.net\/?page_id=410\"]}]},{\"@type\":\"BreadcrumbList\",\"@id\":\"https:\/\/fixorahome.net\/?page_id=410#breadcrumb\",\"itemListElement\":[{\"@type\":\"ListItem\",\"position\":1,\"name\":\"Home\",\"item\":\"https:\/\/fixorahome.net\/\"},{\"@type\":\"ListItem\",\"position\":2,\"name\":\"Divulgation d\u2019affiliation\"}]},{\"@type\":\"WebSite\",\"@id\":\"https:\/\/fixorahome-12d3350.ingress-florina.ewp.live\/#website\",\"url\":\"https:\/\/fixorahome-12d3350.ingress-florina.ewp.live\/\",\"name\":\"FixoraHome\",\"description\":\"Beginner-friendly home solutions, expert-guided\",\"potentialAction\":[{\"@type\":\"SearchAction\",\"target\":{\"@type\":\"EntryPoint\",\"urlTemplate\":\"https:\/\/fixorahome-12d3350.ingress-florina.ewp.live\/?s={search_term_string}\"},\"query-input\":{\"@type\":\"PropertyValueSpecification\",\"valueRequired\":true,\"valueName\":\"search_term_string\"}}],\"inLanguage\":\"en-US\"}]}<\/script>\n<!-- \/ Yoast SEO plugin. -->","yoast_head_json":{"title":"Divulgation d\u2019affiliation - FixoraHome","robots":{"index":"index","follow":"follow","max-snippet":"max-snippet:-1","max-image-preview":"max-image-preview:large","max-video-preview":"max-video-preview:-1"},"canonical":"https:\/\/fixorahome.net\/?page_id=410","og_locale":"en_US","og_type":"article","og_title":"Divulgation d\u2019affiliation - FixoraHome","og_description":"Certains liens pr\u00e9sents sur ce site sont des liens d\u2019affiliation. Cela signifie que si vous cliquez sur un lien et effectuez un achat, nous pouvons recevoir une commission. En tant que Partenaire Amazon, nous r\u00e9alisons un b\u00e9n\u00e9fice sur les achats remplissant les conditions requises. Ces commissions nous permettent de maintenir ce site et de continuer [&hellip;]","og_url":"https:\/\/fixorahome.net\/?page_id=410","og_site_name":"FixoraHome","twitter_card":"summary_large_image","twitter_misc":{"Est. reading time":"1 minute"},"schema":{"@context":"https:\/\/schema.org","@graph":[{"@type":"WebPage","@id":"https:\/\/fixorahome.net\/?page_id=410","url":"https:\/\/fixorahome.net\/?page_id=410","name":"Divulgation d\u2019affiliation - FixoraHome","isPartOf":{"@id":"https:\/\/fixorahome-12d3350.ingress-florina.ewp.live\/#website"},"datePublished":"2026-03-07T13:21:34+00:00","breadcrumb":{"@id":"https:\/\/fixorahome.net\/?page_id=410#breadcrumb"},"inLanguage":"en-US","potentialAction":[{"@type":"ReadAction","target":["https:\/\/fixorahome.net\/?page_id=410"]}]},{"@type":"BreadcrumbList","@id":"https:\/\/fixorahome.net\/?page_id=410#breadcrumb","itemListElement":[{"@type":"ListItem","position":1,"name":"Home","item":"https:\/\/fixorahome.net\/"},{"@type":"ListItem","position":2,"name":"Divulgation d\u2019affiliation"}]},{"@type":"WebSite","@id":"https:\/\/fixorahome-12d3350.ingress-florina.ewp.live\/#website","url":"https:\/\/fixorahome-12d3350.ingress-florina.ewp.live\/","name":"FixoraHome","description":"Beginner-friendly home solutions, expert-guided","potentialAction":[{"@type":"SearchAction","target":{"@type":"EntryPoint","urlTemplate":"https:\/\/fixorahome-12d3350.ingress-florina.ewp.live\/?s={search_term_string}"},"query-input":{"@type":"PropertyValueSpecification","valueRequired":true,"valueName":"search_term_string"}}],"inLanguage":"en-US"}]}},"_links":{"self":[{"href":"https:\/\/fixorahome.net\/index.php?rest_route=\/wp\/v2\/pages\/410","targetHints":{"allow":["GET"]}}],"collection":[{"href":"https:\/\/fixorahome.net\/index.php?rest_route=\/wp\/v2\/pages"}],"about":[{"href":"https:\/\/fixorahome.net\/index.php?rest_route=\/wp\/v2\/types\/page"}],"author":[{"embeddable":true,"href":"https:\/\/fixorahome.net\/index.php?rest_route=\/wp\/v2\/users\/1"}],"replies":[{"embeddable":true,"href":"https:\/\/fixorahome.net\/index.php?rest_route=%2Fwp%2Fv2%2Fcomments&post=410"}],"version-history":[{"count":2,"href":"https:\/\/fixorahome.net\/index.php?rest_route=\/wp\/v2\/pages\/410\/revisions"}],"predecessor-version":[{"id":417,"href":"https:\/\/fixorahome.net\/index.php?rest_route=\/wp\/v2\/pages\/410\/revisions\/417"}],"wp:attachment":[{"href":"https:\/\/fixorahome.net\/index.php?rest_route=%2Fwp%2Fv2%2Fmedia&parent=410"}],"curies":[{"name":"wp","href":"https:\/\/api.w.org\/{rel}","templated":true}]}}